{"id":36,"date":"2018-11-08T18:30:26","date_gmt":"2018-11-08T18:30:26","guid":{"rendered":"https:\/\/www.scmsabugal.com\/?page_id=36"},"modified":"2026-03-12T14:48:31","modified_gmt":"2026-03-12T14:48:31","slug":"publicacoes","status":"publish","type":"page","link":"https:\/\/www.scmsabugal.com\/?page_id=36","title":{"rendered":"Publica\u00e7\u00f5es"},"content":{"rendered":"\t\t<div data-elementor-type=\"wp-post\" data-elementor-id=\"36\" class=\"elementor elementor-36\" data-elementor-settings=\"[]\">\n\t\t\t<div class=\"elementor-inner\">\n\t\t\t\t<div class=\"elementor-section-wrap\">\n\t\t\t\t\t\t\t<section class=\"elementor-element elementor-element-1d66cd2 elementor-section-boxed elementor-section-height-default elementor-section-height-default elementor-section elementor-top-section\" data-id=\"1d66cd2\" data-element_type=\"section\">\n\t\t\t\t\t\t<div class=\"elementor-container elementor-column-gap-default\">\n\t\t\t\t<div class=\"elementor-row\">\n\t\t\t\t<div class=\"elementor-element elementor-element-aa23416 elementor-column elementor-col-100 elementor-top-column\" data-id=\"aa23416\" data-element_type=\"column\">\n\t\t\t<div class=\"elementor-column-wrap  elementor-element-populated\">\n\t\t\t\t\t<div class=\"elementor-widget-wrap\">\n\t\t\t\t<div class=\"elementor-element elementor-element-0891714 elementor-tabs-view-horizontal elementor-widget elementor-widget-tabs\" data-id=\"0891714\" data-element_type=\"widget\" data-widget_type=\"tabs.default\">\n\t\t\t\t<div class=\"elementor-widget-container\">\n\t\t\t\t\t<div class=\"elementor-tabs\" role=\"tablist\">\n\t\t\t<div class=\"elementor-tabs-wrapper\">\n\t\t\t\t\t\t\t\t\t<div id=\"elementor-tab-title-8981\" class=\"elementor-tab-title elementor-tab-desktop-title\" data-tab=\"1\" role=\"tab\" aria-controls=\"elementor-tab-content-8981\"><a href=\"\">Convocat\u00f3rias<\/a><\/div>\n\t\t\t\t\t\t\t\t\t<div id=\"elementor-tab-title-8982\" class=\"elementor-tab-title elementor-tab-desktop-title\" data-tab=\"2\" role=\"tab\" aria-controls=\"elementor-tab-content-8982\"><a href=\"\">2024 - RGPC<\/a><\/div>\n\t\t\t\t\t\t\t\t\t<div id=\"elementor-tab-title-8983\" class=\"elementor-tab-title elementor-tab-desktop-title\" data-tab=\"3\" role=\"tab\" aria-controls=\"elementor-tab-content-8983\"><a href=\"\">2023<\/a><\/div>\n\t\t\t\t\t\t\t\t\t<div id=\"elementor-tab-title-8984\" class=\"elementor-tab-title elementor-tab-desktop-title\" data-tab=\"4\" role=\"tab\" aria-controls=\"elementor-tab-content-8984\"><a href=\"\">2022<\/a><\/div>\n\t\t\t\t\t\t\t\t\t<div id=\"elementor-tab-title-8985\" class=\"elementor-tab-title elementor-tab-desktop-title\" data-tab=\"5\" role=\"tab\" aria-controls=\"elementor-tab-content-8985\"><a href=\"\">2021<\/a><\/div>\n\t\t\t\t\t\t\t\t\t<div id=\"elementor-tab-title-8986\" class=\"elementor-tab-title elementor-tab-desktop-title\" data-tab=\"6\" role=\"tab\" aria-controls=\"elementor-tab-content-8986\"><a href=\"\">2020 - COVID-19<\/a><\/div>\n\t\t\t\t\t\t\t\t\t<div id=\"elementor-tab-title-8987\" class=\"elementor-tab-title elementor-tab-desktop-title\" data-tab=\"7\" role=\"tab\" aria-controls=\"elementor-tab-content-8987\"><a href=\"\">2019<\/a><\/div>\n\t\t\t\t\t\t\t\t\t<div id=\"elementor-tab-title-8988\" class=\"elementor-tab-title elementor-tab-desktop-title\" data-tab=\"8\" role=\"tab\" aria-controls=\"elementor-tab-content-8988\"><a href=\"\">2018<\/a><\/div>\n\t\t\t\t\t\t\t\t\t<div id=\"elementor-tab-title-8989\" class=\"elementor-tab-title elementor-tab-desktop-title\" data-tab=\"9\" role=\"tab\" aria-controls=\"elementor-tab-content-8989\"><a href=\"\">2017<\/a><\/div>\n\t\t\t\t\t\t\t<\/div>\n\t\t\t<div class=\"elementor-tabs-content-wrapper\">\n\t\t\t\t\t\t\t\t\t<div class=\"elementor-tab-title elementor-tab-mobile-title\" data-tab=\"1\" role=\"tab\">Convocat\u00f3rias<\/div>\n\t\t\t\t\t<div id=\"elementor-tab-content-8981\" class=\"elementor-tab-content elementor-clearfix\" data-tab=\"1\" role=\"tabpanel\" aria-labelledby=\"elementor-tab-title-8981\"><p><a href=\"https:\/\/www.scmsabugal.com\/wp-content\/uploads\/2026\/03\/Convocatoria_16032026.pdf\">Convocat\u00f3ria Geral 16-03-2026<\/a><\/p><p><a href=\"https:\/\/www.scmsabugal.com\/wp-content\/uploads\/2025\/11\/Cov28112025.pdf\">Convocat\u00f3ria Geral 28-11-2025<\/a><\/p><p><a href=\"https:\/\/www.scmsabugal.com\/wp-content\/uploads\/2025\/03\/ConvGeren2024.pdf\">Convocat\u00f3ria Geral 28-03-2025<\/a><\/p><p><a href=\"https:\/\/www.scmsabugal.com\/wp-content\/uploads\/2024\/11\/061224.pdf\">Convocat\u00f3ria Geral 06-12-2024<\/a><\/p><p><a href=\"https:\/\/www.scmsabugal.com\/wp-content\/uploads\/2024\/11\/Conv221124.pdf\">Convocat\u00f3ria Geral 22-11-2024<\/a><\/p><p><a href=\"https:\/\/www.scmsabugal.com\/wp-content\/uploads\/2024\/03\/convocat\u00f3ria-contas-de-2023.pdf\">Convocat\u00f3ria Geral 22-03-2024<\/a><\/p><p><a href=\"https:\/\/www.scmsabugal.com\/wp-content\/uploads\/2023\/11\/convor2024.pdf\">Convocat\u00f3ria Geral 24-11-2024<\/a><\/p><p><a href=\"https:\/\/www.scmsabugal.com\/wp-content\/uploads\/2023\/03\/Conv24marc2023.pdf\">Convocat\u00f3ria Geral 24-03-20223<\/a><\/p><p><a href=\"https:\/\/www.scmsabugal.com\/wp-content\/uploads\/2022\/11\/conv_aprov_orc2023.pdf\">Convocat\u00f3ria 25-11-2022 &#8211; Aprova\u00e7\u00e3o de Or\u00e7amento 2023<\/a><\/p><p><a href=\"https:\/\/www.scmsabugal.com\/wp-content\/uploads\/2022\/03\/Conv25032022.pdf\">Convocat\u00f3ria Geral 25-03-2022<\/a><\/p><p><a href=\"https:\/\/www.scmsabugal.com\/wp-content\/uploads\/2021\/11\/Conv26112021.pdf\">Convocat\u00f3ria Geral 26-11-2021<\/a><\/p><p><a href=\"https:\/\/www.scmsabugal.com\/wp-content\/uploads\/2021\/05\/convocat\u00f3ria-conta-de-gerencia.pdf\">Assembleia Geral 21-05-2021<\/a><\/p><p><a href=\"https:\/\/www.scmsabugal.com\/wp-content\/uploads\/2021\/04\/convEleic.pdf\">Convocat\u00f3ria Elei\u00e7\u00f5es 07-05-2021<\/a><\/p><p><a href=\"https:\/\/www.scmsabugal.com\/wp-content\/uploads\/2020\/12\/suspensao.pdf\">Suspens\u00e3o Assembleia Geral<\/a><\/p><p><a href=\"https:\/\/www.scmsabugal.com\/wp-content\/uploads\/2020\/12\/S22C-6e20121014420.pdf\">Assembleia Geral 04-01-2021<\/a><\/p><p><a href=\"https:\/\/www.scmsabugal.com\/wp-content\/uploads\/2020\/11\/convSabugal301120.pdf\">Assembleia Geral 30-11-2020<\/a><\/p><p><a href=\"https:\/\/www.scmsabugal.com\/wp-content\/uploads\/2020\/10\/convSabugal.pdf\">Convocat\u00f3ria Elei\u00e7\u00f5es 30-11-2020<\/a><\/p><p><span style=\"font-family: Roboto, sans-serif; font-size: 16px; font-style: normal; font-variant-ligatures: normal; font-variant-caps: normal; font-weight: 400;\"><a href=\"https:\/\/www.scmsabugal.com\/wp-content\/uploads\/2020\/05\/ConvocatoriaSABUGAL24062020.pdf\">Assembleia Geral 24-06-2020<\/a><br \/><\/span><\/p><p><span style=\"font-family: Roboto, sans-serif; font-size: 16px; font-style: normal; font-variant-ligatures: normal; font-variant-caps: normal; font-weight: 400;\"><a href=\"https:\/\/www.scmsabugal.com\/wp-content\/uploads\/2019\/11\/anuncioSabugal06122019.pdf\">Assembleia Geral 06-12-2019<\/a><br \/><\/span><\/p><p><span style=\"font-family: Roboto, sans-serif; font-size: 16px; font-style: normal; font-variant-ligatures: normal; font-variant-caps: normal; font-weight: 400;\"><a href=\"https:\/\/www.scmsabugal.com\/wp-content\/uploads\/2019\/11\/S22C-6e19111515090.pdf\">Assembleia Geral 27-11-2019<\/a><\/span><\/p><p><a href=\"https:\/\/www.scmsabugal.com\/wp-content\/uploads\/2019\/03\/ConvSabugal29022019.pdf\">Assembleia Geral 29-03-2019<\/a><\/p><\/div>\n\t\t\t\t\t\t\t\t\t<div class=\"elementor-tab-title elementor-tab-mobile-title\" data-tab=\"2\" role=\"tab\">2024 - RGPC<\/div>\n\t\t\t\t\t<div id=\"elementor-tab-content-8982\" class=\"elementor-tab-content elementor-clearfix\" data-tab=\"2\" role=\"tabpanel\" aria-labelledby=\"elementor-tab-title-8982\"><p>\u00a0<\/p><ul><li><a href=\"https:\/\/www.scmsabugal.com\/wp-content\/uploads\/2026\/02\/Contas-2024-1.pdf\">Contas da Ger\u00eancia<\/a><\/li><li><a href=\"https:\/\/www.scmsabugal.com\/wp-content\/uploads\/2025\/02\/CC-RGPC.pdf\">C\u00f3digo de Conduta RGPC<\/a><\/li><li><a href=\"https:\/\/www.scmsabugal.com\/wp-content\/uploads\/2025\/02\/PPR-RGPC.pdf\">Plano de Preven\u00e7\u00e3o de Riscos de Corrup\u00e7\u00e3o e Infra\u00e7\u00e3o Conexas(PPR) RGPC<\/a><\/li><li><a href=\"https:\/\/www.scmsabugal.com\/wp-content\/uploads\/2025\/02\/RCDI-RGPC.pdf\">Regulamento dos Canais de Den\u00fancia Interna<\/a><\/li><\/ul><\/div>\n\t\t\t\t\t\t\t\t\t<div class=\"elementor-tab-title elementor-tab-mobile-title\" data-tab=\"3\" role=\"tab\">2023<\/div>\n\t\t\t\t\t<div id=\"elementor-tab-content-8983\" class=\"elementor-tab-content elementor-clearfix\" data-tab=\"3\" role=\"tabpanel\" aria-labelledby=\"elementor-tab-title-8983\"><ul><li><a href=\"https:\/\/www.scmsabugal.com\/wp-content\/uploads\/2026\/02\/Contas-2023-1.pdf\">Contas da Ger\u00eancia<\/a><\/li><\/ul><\/div>\n\t\t\t\t\t\t\t\t\t<div class=\"elementor-tab-title elementor-tab-mobile-title\" data-tab=\"4\" role=\"tab\">2022<\/div>\n\t\t\t\t\t<div id=\"elementor-tab-content-8984\" class=\"elementor-tab-content elementor-clearfix\" data-tab=\"4\" role=\"tabpanel\" aria-labelledby=\"elementor-tab-title-8984\"><ul><li><a href=\"https:\/\/www.scmsabugal.com\/wp-content\/uploads\/2023\/05\/balanco312022.pdf\">Balan\u00e7o a 31 de Dezembro de 2022<\/a><\/li><\/ul><\/div>\n\t\t\t\t\t\t\t\t\t<div class=\"elementor-tab-title elementor-tab-mobile-title\" data-tab=\"5\" role=\"tab\">2021<\/div>\n\t\t\t\t\t<div id=\"elementor-tab-content-8985\" class=\"elementor-tab-content elementor-clearfix\" data-tab=\"5\" role=\"tabpanel\" aria-labelledby=\"elementor-tab-title-8985\"><ul><li><a href=\"https:\/\/www.scmsabugal.com\/wp-content\/uploads\/2022\/06\/CE2021.pdf\">Contas da Ger\u00eancia<\/a><\/li><li><a href=\"https:\/\/www.scmsabugal.com\/wp-content\/uploads\/2022\/08\/ata_ano2021.pdf\">Ata 2021<\/a><\/li><\/ul><\/div>\n\t\t\t\t\t\t\t\t\t<div class=\"elementor-tab-title elementor-tab-mobile-title\" data-tab=\"6\" role=\"tab\">2020 - COVID-19<\/div>\n\t\t\t\t\t<div id=\"elementor-tab-content-8986\" class=\"elementor-tab-content elementor-clearfix\" data-tab=\"6\" role=\"tabpanel\" aria-labelledby=\"elementor-tab-title-8986\"><ul><li><a href=\"https:\/\/www.scmsabugal.com\/wp-content\/uploads\/2020\/11\/Estatutos_compressed.pdf\">Compromisso\/Estatutos 2020<\/a><\/li><li><a href=\"https:\/\/www.scmsabugal.com\/wp-content\/uploads\/2020\/03\/PLANOINFANCIA.pdf\">Plano de conting\u00eancia e a\u00e7\u00e3o &#8211; Creche, Pr\u00e9-Escolar-CAF, CATL<\/a><\/li><li><a href=\"https:\/\/www.scmsabugal.com\/wp-content\/uploads\/2020\/03\/PLANOSCMS.pdf\">Plano de Preven\u00e7\u00e3o e Atua\u00e7\u00e3o &#8211; 3\u00aa IDADE<\/a><\/li><li><a href=\"https:\/\/www.scmsabugal.com\/wp-content\/uploads\/2022\/06\/CE2020.pdf\">Contas da Ger\u00eancia<\/a><\/li><li><a href=\"https:\/\/www.scmsabugal.com\/wp-content\/uploads\/2022\/08\/ata_ano2020.pdf\">Ata 2020<\/a><\/li><\/ul><\/div>\n\t\t\t\t\t\t\t\t\t<div class=\"elementor-tab-title elementor-tab-mobile-title\" data-tab=\"7\" role=\"tab\">2019<\/div>\n\t\t\t\t\t<div id=\"elementor-tab-content-8987\" class=\"elementor-tab-content elementor-clearfix\" data-tab=\"7\" role=\"tabpanel\" aria-labelledby=\"elementor-tab-title-8987\"><ul><li><a href=\"https:\/\/www.scmsabugal.com\/wp-content\/uploads\/2019\/05\/anuncioSabugal.pdf\">An\u00fancio de Venda de Bens<\/a><\/li><li><a href=\"https:\/\/www.scmsabugal.com\/wp-content\/uploads\/2022\/06\/CE2019.pdf\">Contas da Ger\u00eancia<\/a><\/li><li><a href=\"https:\/\/www.scmsabugal.com\/wp-content\/uploads\/2022\/08\/ata_ano2019.pdf\">Ata 2019<\/a><\/li><\/ul><\/div>\n\t\t\t\t\t\t\t\t\t<div class=\"elementor-tab-title elementor-tab-mobile-title\" data-tab=\"8\" role=\"tab\">2018<\/div>\n\t\t\t\t\t<div id=\"elementor-tab-content-8988\" class=\"elementor-tab-content elementor-clearfix\" data-tab=\"8\" role=\"tabpanel\" aria-labelledby=\"elementor-tab-title-8988\"><ul><li><a href=\"https:\/\/www.scmsabugal.com\/wp-content\/uploads\/2022\/06\/CE2018.pdf\">Contas da Ger\u00eancia<\/a><\/li><li><a href=\"https:\/\/www.scmsabugal.com\/wp-content\/uploads\/2022\/08\/ata_ano2018.pdf\">Ata 2018<\/a><\/li><\/ul><\/div>\n\t\t\t\t\t\t\t\t\t<div class=\"elementor-tab-title elementor-tab-mobile-title\" data-tab=\"9\" role=\"tab\">2017<\/div>\n\t\t\t\t\t<div id=\"elementor-tab-content-8989\" class=\"elementor-tab-content elementor-clearfix\" data-tab=\"9\" role=\"tabpanel\" aria-labelledby=\"elementor-tab-title-8989\"><ul><li><a href=\"https:\/\/www.scmsabugal.com\/wp-content\/uploads\/2018\/11\/ContasdaGerenciaSabugal.pdf\" data-wplink-url-error=\"true\">Contas da Ger\u00eancia<\/a><\/li><\/ul><\/div>\n\t\t\t\t\t\t\t<\/div>\n\t\t<\/div>\n\t\t\t\t<\/div>\n\t\t\t\t<\/div>\n\t\t\t\t\t\t<\/div>\n\t\t\t<\/div>\n\t\t<\/div>\n\t\t\t\t\t\t<\/div>\n\t\t\t<\/div>\n\t\t<\/section>\n\t\t\t\t\t\t<\/div>\n\t\t\t<\/div>\n\t\t<\/div>\n\t\t","protected":false},"excerpt":{"rendered":"<p>Convocat\u00f3rias 2024 &#8211; RGPC 2023 2022 2021 2020 &#8211; COVID-19 2019 2018 2017 Convocat\u00f3rias Convocat\u00f3ria Geral 16-03-2026 Convocat\u00f3ria Geral 28-11-2025 Convocat\u00f3ria Geral 28-03-2025 Convocat\u00f3ria Geral<\/p>\n<div class=\"read-more-wrapper\"><a class=\"link small\" href=\"https:\/\/www.scmsabugal.com\/?page_id=36\" role=\"button\">Read more<span class=\"nc-icon-glyph arrows-1_bold-right\"><\/span><\/a><\/div>\n","protected":false},"author":2,"featured_media":0,"parent":0,"menu_order":0,"comment_status":"closed","ping_status":"closed","template":"","meta":{"footnotes":""},"class_list":["post-36","page","type-page","status-publish","hentry"],"_links":{"self":[{"href":"https:\/\/www.scmsabugal.com\/index.php?rest_route=\/wp\/v2\/pages\/36","targetHints":{"allow":["GET"]}}],"collection":[{"href":"https:\/\/www.scmsabugal.com\/index.php?rest_route=\/wp\/v2\/pages"}],"about":[{"href":"https:\/\/www.scmsabugal.com\/index.php?rest_route=\/wp\/v2\/types\/page"}],"author":[{"embeddable":true,"href":"https:\/\/www.scmsabugal.com\/index.php?rest_route=\/wp\/v2\/users\/2"}],"replies":[{"embeddable":true,"href":"https:\/\/www.scmsabugal.com\/index.php?rest_route=%2Fwp%2Fv2%2Fcomments&post=36"}],"version-history":[{"count":62,"href":"https:\/\/www.scmsabugal.com\/index.php?rest_route=\/wp\/v2\/pages\/36\/revisions"}],"predecessor-version":[{"id":322,"href":"https:\/\/www.scmsabugal.com\/index.php?rest_route=\/wp\/v2\/pages\/36\/revisions\/322"}],"wp:attachment":[{"href":"https:\/\/www.scmsabugal.com\/index.php?rest_route=%2Fwp%2Fv2%2Fmedia&parent=36"}],"curies":[{"name":"wp","href":"https:\/\/api.w.org\/{rel}","templated":true}]}}