{"id":32,"date":"2018-11-08T18:26:29","date_gmt":"2018-11-08T18:26:29","guid":{"rendered":"https:\/\/www.scmsabugal.com\/?page_id=32"},"modified":"2018-11-09T11:48:41","modified_gmt":"2018-11-09T11:48:41","slug":"instituicao","status":"publish","type":"page","link":"https:\/\/www.scmsabugal.com\/?page_id=32","title":{"rendered":"Institui\u00e7\u00e3o"},"content":{"rendered":"\t\t<div data-elementor-type=\"wp-post\" data-elementor-id=\"32\" class=\"elementor elementor-32 elementor-bc-flex-widget\" data-elementor-settings=\"[]\">\n\t\t\t<div class=\"elementor-inner\">\n\t\t\t\t<div class=\"elementor-section-wrap\">\n\t\t\t\t\t\t\t<section class=\"elementor-element elementor-element-73597356 elementor-section-boxed elementor-section-height-default elementor-section-height-default elementor-section elementor-top-section\" data-id=\"73597356\" data-element_type=\"section\">\n\t\t\t\t\t\t<div class=\"elementor-container elementor-column-gap-default\">\n\t\t\t\t<div class=\"elementor-row\">\n\t\t\t\t<div class=\"elementor-element elementor-element-4aec74fd elementor-column elementor-col-100 elementor-top-column\" data-id=\"4aec74fd\" data-element_type=\"column\">\n\t\t\t<div class=\"elementor-column-wrap  elementor-element-populated\">\n\t\t\t\t\t<div class=\"elementor-widget-wrap\">\n\t\t\t\t<div class=\"elementor-element elementor-element-17a0cb9e elementor-widget elementor-widget-text-editor\" data-id=\"17a0cb9e\" data-element_type=\"widget\" data-widget_type=\"text-editor.default\">\n\t\t\t\t<div class=\"elementor-widget-container\">\n\t\t\t\t\t<div class=\"elementor-text-editor elementor-clearfix\"><p style=\"text-align: justify;\">As Irmandades da Miseric\u00f3rdia tiveram o seu in\u00edcio no tempo da Rainha D\u00aa. Leonor. Foi ela, com o incentivo do seu confessor, Frei Miguel Contreiras, a impulsionadora e fundadora da Miseric\u00f3rdia de Lisboa.<\/p>\r\n<p style=\"text-align: justify;\">A oficializa\u00e7\u00e3o destas Institui\u00e7\u00f5es pertenceu ao Rei. Foi o Rei D. Manuel que no dia 15 de Agosto de 1498 aprovou e publicou o Compromisso da Miseric\u00f3rdia de Lisboa. A partir desta data surge um movimento da alcance nacional que leva ao aparecimento de Miseric\u00f3rdias nos centros populacionais mais importantes do Pa\u00eds.<\/p>\r\n<p style=\"text-align: justify;\">A Miseric\u00f3rdia do Sabugal tem origem neste movimento, por\u00e9m a falta de documentos hist\u00f3ricos n\u00e3o nos permite averiguar a verdade. Uma das refer\u00eancias hist\u00f3ricas que encontr\u00e1mos est\u00e1 na \u201cMem\u00f3ria Paroquial do Sabugal \u2013 Par\u00f3quia de S. Jo\u00e3o Baptista de 1758\u201d:<\/p>\r\n<p style=\"text-align: justify;\">\u201cTem Caza da Miseric\u00f3rdia fundada na Igreja de S. Miguel, que algum dia foy parochial desta Vila, cuja institui\u00e7\u00e3o h\u00e9 do tempo de El Rei o Senhor D. Manoel que lhe deu o Cumpromisso, assignado pella sua Real M\u00e3o no anno de 1526; e tem renda annual commumente, 2000.000 reis&#8230; Tem Caza de Hospital, administrada pella Mizericordia&#8230;\u201d<\/p>\r\n<p style=\"text-align: justify;\">Costa Goodolphim que, na sua obra \u201cAS MISERIC\u00d3RDIAS\u201d, publicada em 1897, ocupou-se do tema logo para os seus primeiros tempos, inventariando por zonas as primeiras que foram conhecidas. No actual distrito da Guarda, segundo o mesmo escritor, existiam \u201cCeia, Celorico, Fornos, Gouveia, Guarda, Linhares, Melo, Pinhel, Sabugal e Trancoso\u201d.<\/p>\r\n<p style=\"text-align: justify;\">Se levarmos em conta a informa\u00e7\u00e3o do p\u00e1roco de S. Jo\u00e3o Baptista de 1758, a Miseric\u00f3rdia de Sabugal teria sido fundada antes do ano de 1521, ano da morte de D. Manuel I, somos levados a concluir que a data da funda\u00e7\u00e3o da Miseric\u00f3rdia de Sabugal ter\u00e1 sido no ano de 1516, um ano ap\u00f3s ter dado o Foral ao Sabugal, pelo que a diferen\u00e7a das datas ficar\u00e1 a dever-se a um erro de escrita ou leitura.<\/p>\r\n<p style=\"text-align: justify;\">\u00c0 semelhan\u00e7a de muitas Irmandades de Portugal, tamb\u00e9m a do Sabugal teria tido origem numa Confraria j\u00e1 existente que se dedicava \u00e0 manuten\u00e7\u00e3o de Albergaria ou Hospital existente e a quem a Rainha Santa j\u00e1 dera impulso.<\/p>\r\n<p style=\"text-align: justify;\">A finalidade da Miseric\u00f3rdia \u00e9 estar junto, acompanhar e auxiliar os necessitados. Esteve presente noutros tempos, com outras necessidades, est\u00e1 hoje e estar\u00e1 amanh\u00e3 com as necessidades de cada tempo.<\/p><\/div>\n\t\t\t\t<\/div>\n\t\t\t\t<\/div>\n\t\t\t\t\t\t<\/div>\n\t\t\t<\/div>\n\t\t<\/div>\n\t\t\t\t\t\t<\/div>\n\t\t\t<\/div>\n\t\t<\/section>\n\t\t\t\t<section class=\"elementor-element elementor-element-e63bb61 elementor-section-boxed elementor-section-height-default elementor-section-height-default elementor-section elementor-top-section\" data-id=\"e63bb61\" data-element_type=\"section\">\n\t\t\t\t\t\t<div class=\"elementor-container elementor-column-gap-default\">\n\t\t\t\t<div class=\"elementor-row\">\n\t\t\t\t<div class=\"elementor-element elementor-element-1b7992d elementor-column elementor-col-100 elementor-top-column\" data-id=\"1b7992d\" data-element_type=\"column\">\n\t\t\t<div class=\"elementor-column-wrap  elementor-element-populated\">\n\t\t\t\t\t<div class=\"elementor-widget-wrap\">\n\t\t\t\t<div class=\"elementor-element elementor-element-09c1e6d elementor-widget elementor-widget-image-gallery\" data-id=\"09c1e6d\" data-element_type=\"widget\" data-widget_type=\"image-gallery.default\">\n\t\t\t\t<div class=\"elementor-widget-container\">\n\t\t\t\t\t<div class=\"elementor-image-gallery\">\n\t\t\t<div id='gallery-1' class='gallery galleryid-32 gallery-columns-4 gallery-size-thumbnail'><figure class='gallery-item'>\n\t\t\t<div class='gallery-icon landscape'>\n\t\t\t\t<a data-elementor-open-lightbox=\"yes\" data-elementor-lightbox-slideshow=\"09c1e6d\" data-elementor-lightbox-title=\"Sala de Acolhimento\" href='https:\/\/www.scmsabugal.com\/wp-content\/uploads\/2018\/11\/Sala-de-Acolhimento.jpg'><img loading=\"lazy\" decoding=\"async\" width=\"150\" height=\"150\" src=\"https:\/\/www.scmsabugal.com\/wp-content\/uploads\/2018\/11\/Sala-de-Acolhimento-150x150.jpg\" class=\"attachment-thumbnail size-thumbnail\" alt=\"\" srcset=\"https:\/\/www.scmsabugal.com\/wp-content\/uploads\/2018\/11\/Sala-de-Acolhimento-150x150.jpg 150w, https:\/\/www.scmsabugal.com\/wp-content\/uploads\/2018\/11\/Sala-de-Acolhimento-230x231.jpg 230w, https:\/\/www.scmsabugal.com\/wp-content\/uploads\/2018\/11\/Sala-de-Acolhimento-250x250.jpg 250w\" sizes=\"auto, (max-width: 150px) 100vw, 150px\" \/><\/a>\n\t\t\t<\/div><\/figure><figure class='gallery-item'>\n\t\t\t<div class='gallery-icon landscape'>\n\t\t\t\t<a data-elementor-open-lightbox=\"yes\" data-elementor-lightbox-slideshow=\"09c1e6d\" data-elementor-lightbox-title=\"Provedoria 1\" href='https:\/\/www.scmsabugal.com\/wp-content\/uploads\/2018\/11\/Provedoria-1.jpg'><img loading=\"lazy\" decoding=\"async\" width=\"150\" height=\"150\" src=\"https:\/\/www.scmsabugal.com\/wp-content\/uploads\/2018\/11\/Provedoria-1-150x150.jpg\" class=\"attachment-thumbnail size-thumbnail\" alt=\"\" srcset=\"https:\/\/www.scmsabugal.com\/wp-content\/uploads\/2018\/11\/Provedoria-1-150x150.jpg 150w, https:\/\/www.scmsabugal.com\/wp-content\/uploads\/2018\/11\/Provedoria-1-230x231.jpg 230w, https:\/\/www.scmsabugal.com\/wp-content\/uploads\/2018\/11\/Provedoria-1-250x250.jpg 250w\" sizes=\"auto, (max-width: 150px) 100vw, 150px\" \/><\/a>\n\t\t\t<\/div><\/figure><figure class='gallery-item'>\n\t\t\t<div class='gallery-icon landscape'>\n\t\t\t\t<a data-elementor-open-lightbox=\"yes\" data-elementor-lightbox-slideshow=\"09c1e6d\" data-elementor-lightbox-title=\"DSC_0003\" href='https:\/\/www.scmsabugal.com\/wp-content\/uploads\/2018\/11\/DSC_0003.jpg'><img loading=\"lazy\" decoding=\"async\" width=\"150\" height=\"150\" src=\"https:\/\/www.scmsabugal.com\/wp-content\/uploads\/2018\/11\/DSC_0003-150x150.jpg\" class=\"attachment-thumbnail size-thumbnail\" alt=\"\" srcset=\"https:\/\/www.scmsabugal.com\/wp-content\/uploads\/2018\/11\/DSC_0003-150x150.jpg 150w, https:\/\/www.scmsabugal.com\/wp-content\/uploads\/2018\/11\/DSC_0003-230x231.jpg 230w, https:\/\/www.scmsabugal.com\/wp-content\/uploads\/2018\/11\/DSC_0003-250x250.jpg 250w\" sizes=\"auto, (max-width: 150px) 100vw, 150px\" \/><\/a>\n\t\t\t<\/div><\/figure><figure class='gallery-item'>\n\t\t\t<div class='gallery-icon landscape'>\n\t\t\t\t<a data-elementor-open-lightbox=\"yes\" data-elementor-lightbox-slideshow=\"09c1e6d\" data-elementor-lightbox-title=\"Consultorios\" href='https:\/\/www.scmsabugal.com\/wp-content\/uploads\/2018\/11\/Consultorios.jpg'><img loading=\"lazy\" decoding=\"async\" width=\"150\" height=\"150\" src=\"https:\/\/www.scmsabugal.com\/wp-content\/uploads\/2018\/11\/Consultorios-150x150.jpg\" class=\"attachment-thumbnail size-thumbnail\" alt=\"\" srcset=\"https:\/\/www.scmsabugal.com\/wp-content\/uploads\/2018\/11\/Consultorios-150x150.jpg 150w, https:\/\/www.scmsabugal.com\/wp-content\/uploads\/2018\/11\/Consultorios-230x231.jpg 230w, https:\/\/www.scmsabugal.com\/wp-content\/uploads\/2018\/11\/Consultorios-250x250.jpg 250w\" sizes=\"auto, (max-width: 150px) 100vw, 150px\" \/><\/a>\n\t\t\t<\/div><\/figure>\n\t\t<\/div>\n\t\t<\/div>\n\t\t\t\t<\/div>\n\t\t\t\t<\/div>\n\t\t\t\t\t\t<\/div>\n\t\t\t<\/div>\n\t\t<\/div>\n\t\t\t\t\t\t<\/div>\n\t\t\t<\/div>\n\t\t<\/section>\n\t\t\t\t\t\t<\/div>\n\t\t\t<\/div>\n\t\t<\/div>\n\t\t","protected":false},"excerpt":{"rendered":"<p>As Irmandades da Miseric\u00f3rdia tiveram o seu in\u00edcio no tempo da Rainha D\u00aa. Leonor. Foi ela, com o incentivo do seu confessor, Frei Miguel Contreiras,<\/p>\n<div class=\"read-more-wrapper\"><a class=\"link small\" href=\"https:\/\/www.scmsabugal.com\/?page_id=32\" role=\"button\">Read more<span class=\"nc-icon-glyph arrows-1_bold-right\"><\/span><\/a><\/div>\n","protected":false},"author":2,"featured_media":0,"parent":0,"menu_order":0,"comment_status":"closed","ping_status":"closed","template":"","meta":{"footnotes":""},"class_list":["post-32","page","type-page","status-publish","hentry"],"_links":{"self":[{"href":"https:\/\/www.scmsabugal.com\/index.php?rest_route=\/wp\/v2\/pages\/32","targetHints":{"allow":["GET"]}}],"collection":[{"href":"https:\/\/www.scmsabugal.com\/index.php?rest_route=\/wp\/v2\/pages"}],"about":[{"href":"https:\/\/www.scmsabugal.com\/index.php?rest_route=\/wp\/v2\/types\/page"}],"author":[{"embeddable":true,"href":"https:\/\/www.scmsabugal.com\/index.php?rest_route=\/wp\/v2\/users\/2"}],"replies":[{"embeddable":true,"href":"https:\/\/www.scmsabugal.com\/index.php?rest_route=%2Fwp%2Fv2%2Fcomments&post=32"}],"version-history":[{"count":4,"href":"https:\/\/www.scmsabugal.com\/index.php?rest_route=\/wp\/v2\/pages\/32\/revisions"}],"predecessor-version":[{"id":72,"href":"https:\/\/www.scmsabugal.com\/index.php?rest_route=\/wp\/v2\/pages\/32\/revisions\/72"}],"wp:attachment":[{"href":"https:\/\/www.scmsabugal.com\/index.php?rest_route=%2Fwp%2Fv2%2Fmedia&parent=32"}],"curies":[{"name":"wp","href":"https:\/\/api.w.org\/{rel}","templated":true}]}}