{"id":3,"date":"2018-11-08T17:44:49","date_gmt":"2018-11-08T17:44:49","guid":{"rendered":"https:\/\/www.scmsabugal.com\/?page_id=3"},"modified":"2019-12-18T19:11:39","modified_gmt":"2019-12-18T19:11:39","slug":"politica-privacidade","status":"publish","type":"page","link":"https:\/\/www.scmsabugal.com\/?page_id=3","title":{"rendered":"Pol\u00edtica de privacidade e cookies"},"content":{"rendered":"<p><strong>O que s\u00e3o cookies<\/strong><\/p>\n<p>Os cookies s\u00e3o pequenos ficheiros de informa\u00e7\u00e3o que ficam guardados no seu computador, tablet, telefone ou outro dispositivo com acesso \u00e0 Internet, atrav\u00e9s do browser. As informa\u00e7\u00f5es retidas pelos cookies s\u00e3o reenviadas ao servidor do site sempre que o browser abre uma das suas p\u00e1ginas.<\/p>\n<p>Os cookies ajudam a determinar a utilidade, o interesse e as utiliza\u00e7\u00f5es de um site, permitindo uma navega\u00e7\u00e3o mais r\u00e1pida e eficiente. Evitam a introdu\u00e7\u00e3o repetida das mesmas informa\u00e7\u00f5es.<\/p>\n<p>Os cookies, dependendo de quanto tempo o utilizador permanece na p\u00e1gina, podem ser classificados como sess\u00e3o ou cookies permanentes. O primeiro tipo de cookies expira quando o utilizador fecha o browser. O segundo tipo de cookies expira quando o seu objetivo foi conclu\u00eddo ou quando s\u00e3o desligados manualmente. Os cookies usados no site www.scmsabugal.com n\u00e3o recolhem informa\u00e7\u00f5es pessoais que permitam identificar o utilizador e s\u00e3o cookies de sess\u00e3o.<\/p>\n<p><strong>Gerir a utiliza\u00e7\u00e3o dos cookies<\/strong><\/p>\n<p>Todos os browsers permitem que o utilizador aceite, recuse ou apague os cookies atrav\u00e9s da sele\u00e7\u00e3o das configura\u00e7\u00f5es apropriadas no seu browser. Assim, os utilizadores podem desativar a utiliza\u00e7\u00e3o dos cookies no site www.scmsabugal.com a qualquer momento ao modificar as configura\u00e7\u00f5es do browser.<\/p>\n<p>No entanto, \u00e9 importante destacar que a desativa\u00e7\u00e3o dos cookies pode impedir que alguns servi\u00e7os da web funcionem corretamente, afetando, total ou parcialmente, a navega\u00e7\u00e3o.<\/p>\n<p>Google Chrome:<br \/>\nhttp:\/\/support.google.com\/chrome\/bin\/answer.py?hl=pt&#038;answer=95647<\/p>\n<p>Internet Explorer:<br \/>\nhttp:\/\/windows.microsoft.com\/pt-pt\/windows7\/how-to-manage-cookies-in-internet-explorer-9<\/p>\n<p>Mozilla Firefox:<br \/>\nhttps:\/\/support.mozilla.org\/pt-PT\/kb\/Activar%20e%20Desactivar%20cookies<\/p>\n<p>Apple Safari:<br \/>\nhttp:\/\/support.apple.com\/kb\/ph5042<\/p>\n","protected":false},"excerpt":{"rendered":"<p>O que s\u00e3o cookies Os cookies s\u00e3o pequenos ficheiros de informa\u00e7\u00e3o que ficam guardados no seu computador, tablet, telefone ou outro dispositivo com acesso \u00e0<\/p>\n<div class=\"read-more-wrapper\"><a class=\"link small\" href=\"https:\/\/www.scmsabugal.com\/?page_id=3\" role=\"button\">Read more<span class=\"nc-icon-glyph arrows-1_bold-right\"><\/span><\/a><\/div>\n","protected":false},"author":2,"featured_media":0,"parent":0,"menu_order":0,"comment_status":"closed","ping_status":"open","template":"","meta":{"footnotes":""},"class_list":["post-3","page","type-page","status-publish","hentry"],"_links":{"self":[{"href":"https:\/\/www.scmsabugal.com\/index.php?rest_route=\/wp\/v2\/pages\/3","targetHints":{"allow":["GET"]}}],"collection":[{"href":"https:\/\/www.scmsabugal.com\/index.php?rest_route=\/wp\/v2\/pages"}],"about":[{"href":"https:\/\/www.scmsabugal.com\/index.php?rest_route=\/wp\/v2\/types\/page"}],"author":[{"embeddable":true,"href":"https:\/\/www.scmsabugal.com\/index.php?rest_route=\/wp\/v2\/users\/2"}],"replies":[{"embeddable":true,"href":"https:\/\/www.scmsabugal.com\/index.php?rest_route=%2Fwp%2Fv2%2Fcomments&post=3"}],"version-history":[{"count":2,"href":"https:\/\/www.scmsabugal.com\/index.php?rest_route=\/wp\/v2\/pages\/3\/revisions"}],"predecessor-version":[{"id":160,"href":"https:\/\/www.scmsabugal.com\/index.php?rest_route=\/wp\/v2\/pages\/3\/revisions\/160"}],"wp:attachment":[{"href":"https:\/\/www.scmsabugal.com\/index.php?rest_route=%2Fwp%2Fv2%2Fmedia&parent=3"}],"curies":[{"name":"wp","href":"https:\/\/api.w.org\/{rel}","templated":true}]}}